{"id":104,"date":"2020-06-25T13:35:57","date_gmt":"2020-06-25T11:35:57","guid":{"rendered":"https:\/\/www.verleihnixe.de\/schwei\/?page_id=104"},"modified":"2025-12-23T15:06:32","modified_gmt":"2025-12-23T14:06:32","slug":"muster-widerrufsformular","status":"publish","type":"page","link":"https:\/\/www.verleihnixe.de\/schwei\/muster-widerrufsformular\/","title":{"rendered":"Muster Widerrufsformular"},"content":{"rendered":"\n<p>Muster Widerrufsformular<\/p>\n\n\n\n<p>Wenn Sie den Vertrag widerrufen wollen, dann f\u00fcllen Sie bie dieses Formular aus und senden Sie es zur\u00fcck, an:<\/p>\n\n\n\n<p>Verleihnixe.de-Fahrradverleih Stadland-Schwei<\/p>\n\n\n\n<p>M\u00fchlenstr.4<\/p>\n\n\n\n<p>26936 Stadland<\/p>\n\n\n\n<p>E-Mail:radleihen@gmail.com<\/p>\n\n\n\n<p><strong><a href=\"https:\/\/www.verleihnixe.de\/schwei\/muster-widerrufsformular\/\" target=\"_blank\" rel=\"noreferrer noopener\">Muster Widerrufsformular<\/a><\/strong><\/p>\n\n\n\n<p>Hiermit widerrufe(n) ich\/wir den von mir\/uns abgeschlossenen Vertrag \u00fcber den Kauf der<\/p>\n\n\n\n<p>folgenden Waren :<\/p>\n\n\n\n<p>\u2026\u2026\u2026\u2026\u2026\u2026\u2026\u2026\u2026\u2026\u2026\u2026\u2026\u2026\u2026\u2026\u2026\u2026\u2026\u2026\u2026\u2026\u2026\u2026\u2026\u2026<\/p>\n\n\n\n<p>\u2026\u2026\u2026\u2026\u2026\u2026\u2026\u2026\u2026\u2026\u2026\u2026\u2026\u2026\u2026\u2026\u2026\u2026\u2026\u2026\u2026\u2026\u2026\u2026\u2026\u2026<\/p>\n\n\n\n<p>(Name der Ware, ggf. Bestellnummer und Preis)<\/p>\n\n\n\n<p>Ware bestellt am:<\/p>\n\n\n\n<p>\u2026\u2026\u2026\u2026\u2026\u2026\u2026\u2026\u2026..<\/p>\n\n\n\n<p>Datum<\/p>\n\n\n\n<p>Ware erhalten am:<\/p>\n\n\n\n<p>\u2026\u2026\u2026\u2026\u2026\u2026\u2026\u2026\u2026..<\/p>\n\n\n\n<p>Datum<\/p>\n\n\n\n<p>Name und Anschrift des Verbrauchers<\/p>\n\n\n\n<p>\u2026\u2026\u2026\u2026\u2026\u2026\u2026\u2026\u2026..<\/p>\n\n\n\n<p>Datum<\/p>\n\n\n\n<p>\u2026\u2026\u2026\u2026\u2026\u2026\u2026\u2026\u2026\u2026\u2026\u2026\u2026\u2026\u2026\u2026\u2026.<\/p>\n\n\n\n<p>Unterschrift Kunde<\/p>\n\n\n\n<p>(nur bei schriftlichem Widerruf)<\/p>\n","protected":false},"excerpt":{"rendered":"<p>Muster Widerrufsformular Wenn Sie den Vertrag widerrufen wollen, dann f\u00fcllen Sie bie dieses Formular aus und senden Sie es zur\u00fcck, an: Verleihnixe.de-Fahrradverleih Stadland-Schwei M\u00fchlenstr.4 26936 Stadland E-Mail:radleihen@gmail.com Muster Widerrufsformular Hiermit widerrufe(n) ich\/wir den von mir\/uns abgeschlossenen Vertrag \u00fcber den Kauf der folgenden Waren : \u2026\u2026\u2026\u2026\u2026\u2026\u2026\u2026\u2026\u2026\u2026\u2026\u2026\u2026\u2026\u2026\u2026\u2026\u2026\u2026\u2026\u2026\u2026\u2026\u2026\u2026 \u2026\u2026\u2026\u2026\u2026\u2026\u2026\u2026\u2026\u2026\u2026\u2026\u2026\u2026\u2026\u2026\u2026\u2026\u2026\u2026\u2026\u2026\u2026\u2026\u2026\u2026 (Name der Ware, ggf. Bestellnummer und Preis) Ware bestellt [&hellip;]<\/p>\n","protected":false},"author":1,"featured_media":0,"parent":0,"menu_order":0,"comment_status":"closed","ping_status":"closed","template":"full-width","meta":{"saved_in_kubio":true,"footnotes":""},"class_list":["post-104","page","type-page","status-publish","hentry"],"kubio_ai_page_context":{"short_desc":"","purpose":"general"},"_links":{"self":[{"href":"https:\/\/www.verleihnixe.de\/schwei\/wp-json\/wp\/v2\/pages\/104","targetHints":{"allow":["GET"]}}],"collection":[{"href":"https:\/\/www.verleihnixe.de\/schwei\/wp-json\/wp\/v2\/pages"}],"about":[{"href":"https:\/\/www.verleihnixe.de\/schwei\/wp-json\/wp\/v2\/types\/page"}],"author":[{"embeddable":true,"href":"https:\/\/www.verleihnixe.de\/schwei\/wp-json\/wp\/v2\/users\/1"}],"replies":[{"embeddable":true,"href":"https:\/\/www.verleihnixe.de\/schwei\/wp-json\/wp\/v2\/comments?post=104"}],"version-history":[{"count":5,"href":"https:\/\/www.verleihnixe.de\/schwei\/wp-json\/wp\/v2\/pages\/104\/revisions"}],"predecessor-version":[{"id":1669,"href":"https:\/\/www.verleihnixe.de\/schwei\/wp-json\/wp\/v2\/pages\/104\/revisions\/1669"}],"wp:attachment":[{"href":"https:\/\/www.verleihnixe.de\/schwei\/wp-json\/wp\/v2\/media?parent=104"}],"curies":[{"name":"wp","href":"https:\/\/api.w.org\/{rel}","templated":true}]}}