{"id":332,"date":"2020-10-26T11:40:25","date_gmt":"2020-10-26T10:40:25","guid":{"rendered":"https:\/\/www.verleihnixe.de\/schwei\/?page_id=332"},"modified":"2022-12-16T12:23:57","modified_gmt":"2022-12-16T11:23:57","slug":"aktuelles-und-sicherheit","status":"publish","type":"page","link":"https:\/\/www.verleihnixe.de\/schwei\/aktuelles-und-sicherheit\/","title":{"rendered":"Aktuelles und Sicherheit"},"content":{"rendered":"\n<p><strong>Desinfektion:<\/strong> <\/p>\n\n\n\n<p>Unsere Fahrr\u00e4der werden nach jedem Verleih ges\u00e4ubert und desinfiziert, au\u00dferdem stehen Ihnen ausreichend Desinfektionsmittel-und -T\u00fccher zur Verf\u00fcgung<\/p>\n\n\n\n<p><strong>Informationsseite des Landkreises Wesermarsch:<\/strong><\/p>\n\n\n\n<p><a href=\"https:\/\/landkreis-wesermarsch.de\/corona\/corona-fallzahlen.php\">https:\/\/landkreis-wesermarsch.de\/<\/a><\/p>\n\n\n\n<p><a href=\"https:\/\/www.niedersachsen.de\/startseite\/\">https:\/\/www.niedersachsen.de\/startseite\/<\/a><\/p>\n","protected":false},"excerpt":{"rendered":"<p>Desinfektion: Unsere Fahrr\u00e4der werden nach jedem Verleih ges\u00e4ubert und desinfiziert, au\u00dferdem stehen Ihnen ausreichend Desinfektionsmittel-und -T\u00fccher zur Verf\u00fcgung Informationsseite des Landkreises Wesermarsch: https:\/\/landkreis-wesermarsch.de\/ https:\/\/www.niedersachsen.de\/startseite\/<\/p>\n","protected":false},"author":1,"featured_media":972,"parent":0,"menu_order":0,"comment_status":"closed","ping_status":"closed","template":"","meta":{"saved_in_kubio":false,"footnotes":""},"class_list":["post-332","page","type-page","status-publish","has-post-thumbnail","hentry"],"kubio_ai_page_context":{"short_desc":"","purpose":"general"},"_links":{"self":[{"href":"https:\/\/www.verleihnixe.de\/schwei\/wp-json\/wp\/v2\/pages\/332","targetHints":{"allow":["GET"]}}],"collection":[{"href":"https:\/\/www.verleihnixe.de\/schwei\/wp-json\/wp\/v2\/pages"}],"about":[{"href":"https:\/\/www.verleihnixe.de\/schwei\/wp-json\/wp\/v2\/types\/page"}],"author":[{"embeddable":true,"href":"https:\/\/www.verleihnixe.de\/schwei\/wp-json\/wp\/v2\/users\/1"}],"replies":[{"embeddable":true,"href":"https:\/\/www.verleihnixe.de\/schwei\/wp-json\/wp\/v2\/comments?post=332"}],"version-history":[{"count":8,"href":"https:\/\/www.verleihnixe.de\/schwei\/wp-json\/wp\/v2\/pages\/332\/revisions"}],"predecessor-version":[{"id":1183,"href":"https:\/\/www.verleihnixe.de\/schwei\/wp-json\/wp\/v2\/pages\/332\/revisions\/1183"}],"wp:featuredmedia":[{"embeddable":true,"href":"https:\/\/www.verleihnixe.de\/schwei\/wp-json\/wp\/v2\/media\/972"}],"wp:attachment":[{"href":"https:\/\/www.verleihnixe.de\/schwei\/wp-json\/wp\/v2\/media?parent=332"}],"curies":[{"name":"wp","href":"https:\/\/api.w.org\/{rel}","templated":true}]}}